{"id":101012,"date":"2026-04-27T01:54:18","date_gmt":"2026-04-27T07:54:18","guid":{"rendered":"https:\/\/www.veneciacr.com\/index.php\/producto\/spray-sellador-high-tack-rojo-255g-234910-loctite\/"},"modified":"2026-04-27T01:54:18","modified_gmt":"2026-04-27T07:54:18","slug":"spray-sellador-high-tack-rojo-255g-234910-loctite","status":"publish","type":"product","link":"https:\/\/www.veneciacr.com\/index.php\/producto\/spray-sellador-high-tack-rojo-255g-234910-loctite\/","title":{"rendered":"SPRAY SELLADOR HIGH TACK ROJO 255G 234910 LOCTITE"},"content":{"rendered":"<div class=\"product__features\"><span dir=\"auto\">Sellador l\u00edquido para fijar las juntas durante el montaje, evitar el agarrotamiento y corregir su alineaci\u00f3n. Sella y une m\u00faltiples sustratos, formando una pel\u00edcula muy adherente de fraguado r\u00e1pido, lo que facilita el desmontaje.<\/span><\/div>\n<div class=\"product__descriptionText\" data-original-html=\"For an all-rounder gasketing product, try LOCTITE\u00ae Hi-Tack Gasket Sealant. This liquid adhesive holds gaskets in place during assembly, prevents seizing, corrects gasket alignment, and allows easy disassembly. It seals and bonds rubber, cork, paper, felt, metal, and asbestos gaskets, and sets quickly to a very tacky film. It\u2019s operational up to 260\u00b0C (500\u00b0F) and is perfect for weather stripping and waterproofing electrical connections.\"><span dir=\"auto\">Si busca un producto vers\u00e1til para juntas, pruebe el sellador de juntas LOCTITE\u00ae Hi-Tack. Este adhesivo l\u00edquido mantiene las juntas en su lugar durante el montaje, evita el agarrotamiento, corrige su alineaci\u00f3n y facilita el desmontaje. Sella y une juntas de goma, corcho, papel, fieltro, metal y amianto, y seca r\u00e1pidamente formando una pel\u00edcula muy pegajosa. Funciona hasta 260 \u00b0C (500 \u00b0F) y es perfecto para burletes e impermeabilizar conexiones el\u00e9ctricas.<\/span><\/div>\n<div class=\"product__benefitsList\">\n<ul>\n<li><span dir=\"auto\">De fraguado r\u00e1pido a una pel\u00edcula muy pegajosa.<\/span><\/li>\n<li><span dir=\"auto\">Adecuado para aplicaciones de hasta 260 \u00b0C (500 \u00b0F)<\/span><\/li>\n<li><span dir=\"auto\">Sella y une una amplia gama de materiales<\/span><\/li>\n<li><span dir=\"auto\">Resistente a fluidos automotrices e industriales.<\/span><\/li>\n<li><span dir=\"auto\">Adecuado para burletes e impermeabilizaci\u00f3n.<\/span><\/li>\n<\/ul>\n<\/div>\n","protected":false},"excerpt":{"rendered":"<p>Sellador l\u00edquido para fijar las juntas durante el montaje, evitar el agarrotamiento y corregir su alineaci\u00f3n. Sella y une m\u00faltiples<\/p>\n","protected":false},"featured_media":101013,"comment_status":"closed","ping_status":"open","template":"","meta":[],"product_brand":[],"product_cat":[15],"product_tag":[],"class_list":{"0":"post-101012","1":"product","2":"type-product","3":"status-publish","4":"has-post-thumbnail","6":"product_cat-uncategorized","8":"first","9":"instock","10":"purchasable","11":"product-type-simple"},"jetpack_sharing_enabled":true,"_links":{"self":[{"href":"https:\/\/www.veneciacr.com\/index.php\/wp-json\/wp\/v2\/product\/101012","targetHints":{"allow":["GET"]}}],"collection":[{"href":"https:\/\/www.veneciacr.com\/index.php\/wp-json\/wp\/v2\/product"}],"about":[{"href":"https:\/\/www.veneciacr.com\/index.php\/wp-json\/wp\/v2\/types\/product"}],"replies":[{"embeddable":true,"href":"https:\/\/www.veneciacr.com\/index.php\/wp-json\/wp\/v2\/comments?post=101012"}],"wp:featuredmedia":[{"embeddable":true,"href":"https:\/\/www.veneciacr.com\/index.php\/wp-json\/wp\/v2\/media\/101013"}],"wp:attachment":[{"href":"https:\/\/www.veneciacr.com\/index.php\/wp-json\/wp\/v2\/media?parent=101012"}],"wp:term":[{"taxonomy":"product_brand","embeddable":true,"href":"https:\/\/www.veneciacr.com\/index.php\/wp-json\/wp\/v2\/product_brand?post=101012"},{"taxonomy":"product_cat","embeddable":true,"href":"https:\/\/www.veneciacr.com\/index.php\/wp-json\/wp\/v2\/product_cat?post=101012"},{"taxonomy":"product_tag","embeddable":true,"href":"https:\/\/www.veneciacr.com\/index.php\/wp-json\/wp\/v2\/product_tag?post=101012"}],"curies":[{"name":"wp","href":"https:\/\/api.w.org\/{rel}","templated":true}]}}