{"id":100907,"date":"2026-04-21T01:55:19","date_gmt":"2026-04-21T07:55:19","guid":{"rendered":"https:\/\/www.veneciacr.com\/index.php\/producto\/punta-logica-6-24v-w2991-performance\/"},"modified":"2026-04-21T01:55:20","modified_gmt":"2026-04-21T07:55:20","slug":"punta-logica-6-24v-w2991-performance","status":"publish","type":"product","link":"https:\/\/www.veneciacr.com\/index.php\/producto\/punta-logica-6-24v-w2991-performance\/","title":{"rendered":"PUNTA LOGICA 6-24V W2991 PERFORMANCE"},"content":{"rendered":"<p>Esta sonda de diagn\u00f3stico es compatible con computadoras e interpreta sistemas de voltaje. Funciona en sistemas de 6, 12 y 24 voltios.<\/p>\n<p>Computadora segura, consume menos de 7 miliamperios<\/p>\n<p>Prueba r\u00e1pidamente voltajes altos y bajos en todos los circuitos del veh\u00edculo, incluidos los controles computarizados del motor y la carrocer\u00eda.<\/p>\n<p>Prueba voltajes de potencia y tierra<\/p>\n<p>Los LED rojos y verdes brillantes interpretan se\u00f1ales de voltaje como tierra, potencia y frecuencia. Funcionan en sistemas de 6, 12 y 24 voltios.<\/p>\n<p>Clips de bater\u00eda codificados por color y de calibre grueso.<\/p>\n<p>Cable de retroceso capaz de alcanzar 10 pies<\/p>\n<p>Permite al profesional probar inyectores de combustible, solenoides, se\u00f1ales de referencia del tac\u00f3metro, as\u00ed como la salida de los sensores MAF, de \u00e1rbol de levas, del cig\u00fce\u00f1al, VSR y mucho m\u00e1s.<\/p>\n","protected":false},"excerpt":{"rendered":"<p>Esta sonda de diagn\u00f3stico es compatible con computadoras e interpreta sistemas de voltaje. Funciona en sistemas de 6, 12 y<\/p>\n","protected":false},"featured_media":100908,"comment_status":"closed","ping_status":"open","template":"","meta":[],"product_brand":[],"product_cat":[15],"product_tag":[],"class_list":{"0":"post-100907","1":"product","2":"type-product","3":"status-publish","4":"has-post-thumbnail","6":"product_cat-uncategorized","8":"first","9":"outofstock","10":"purchasable","11":"product-type-simple"},"jetpack_sharing_enabled":true,"_links":{"self":[{"href":"https:\/\/www.veneciacr.com\/index.php\/wp-json\/wp\/v2\/product\/100907","targetHints":{"allow":["GET"]}}],"collection":[{"href":"https:\/\/www.veneciacr.com\/index.php\/wp-json\/wp\/v2\/product"}],"about":[{"href":"https:\/\/www.veneciacr.com\/index.php\/wp-json\/wp\/v2\/types\/product"}],"replies":[{"embeddable":true,"href":"https:\/\/www.veneciacr.com\/index.php\/wp-json\/wp\/v2\/comments?post=100907"}],"wp:featuredmedia":[{"embeddable":true,"href":"https:\/\/www.veneciacr.com\/index.php\/wp-json\/wp\/v2\/media\/100908"}],"wp:attachment":[{"href":"https:\/\/www.veneciacr.com\/index.php\/wp-json\/wp\/v2\/media?parent=100907"}],"wp:term":[{"taxonomy":"product_brand","embeddable":true,"href":"https:\/\/www.veneciacr.com\/index.php\/wp-json\/wp\/v2\/product_brand?post=100907"},{"taxonomy":"product_cat","embeddable":true,"href":"https:\/\/www.veneciacr.com\/index.php\/wp-json\/wp\/v2\/product_cat?post=100907"},{"taxonomy":"product_tag","embeddable":true,"href":"https:\/\/www.veneciacr.com\/index.php\/wp-json\/wp\/v2\/product_tag?post=100907"}],"curies":[{"name":"wp","href":"https:\/\/api.w.org\/{rel}","templated":true}]}}