{"id":100567,"date":"2026-04-27T01:54:27","date_gmt":"2026-04-27T07:54:27","guid":{"rendered":"https:\/\/www.veneciacr.com\/index.php\/producto\/anclas-niveladoras-piso-paq-100pzs-1-5mm-41108-tolsen\/"},"modified":"2026-04-27T01:54:27","modified_gmt":"2026-04-27T07:54:27","slug":"anclas-niveladoras-piso-paq-100pzs-1-5mm-41108-tolsen","status":"publish","type":"product","link":"https:\/\/www.veneciacr.com\/index.php\/producto\/anclas-niveladoras-piso-paq-100pzs-1-5mm-41108-tolsen\/","title":{"rendered":"ANCLAS NIVELADORAS PISO PAQ 100PZS 1.5MM 41108 TOLSEN"},"content":{"rendered":"<p><span dir=\"auto\">\u2022 Material: PP<\/span><br \/>\n<span dir=\"auto\">\u2022 Embalaje: 100 unidades en bolsa de pl\u00e1stico.<\/span><br \/>\n<span dir=\"auto\">\u2022 Uso: Los separadores para sistemas de nivelaci\u00f3n de azulejos forman parte del sistema de nivelaci\u00f3n y facilitan la colocaci\u00f3n de azulejos.<\/span><br \/>\n<span dir=\"auto\">\u2022 Este m\u00e9todo garantiza una instalaci\u00f3n sencilla, r\u00e1pida y precisa.<\/span><br \/>\n<span dir=\"auto\">\u2022 Adecuado para juntas de 1,5\u00a0 y azulejos de 4 a 13 mm de espesor.<\/span><\/p>\n","protected":false},"excerpt":{"rendered":"<p>\u2022 Material: PP \u2022 Embalaje: 100 unidades en bolsa de pl\u00e1stico. \u2022 Uso: Los separadores para sistemas de nivelaci\u00f3n de<\/p>\n","protected":false},"featured_media":100568,"comment_status":"closed","ping_status":"open","template":"","meta":[],"product_brand":[],"product_cat":[15],"product_tag":[],"class_list":{"0":"post-100567","1":"product","2":"type-product","3":"status-publish","4":"has-post-thumbnail","6":"product_cat-uncategorized","8":"first","9":"instock","10":"purchasable","11":"product-type-simple"},"jetpack_sharing_enabled":true,"_links":{"self":[{"href":"https:\/\/www.veneciacr.com\/index.php\/wp-json\/wp\/v2\/product\/100567","targetHints":{"allow":["GET"]}}],"collection":[{"href":"https:\/\/www.veneciacr.com\/index.php\/wp-json\/wp\/v2\/product"}],"about":[{"href":"https:\/\/www.veneciacr.com\/index.php\/wp-json\/wp\/v2\/types\/product"}],"replies":[{"embeddable":true,"href":"https:\/\/www.veneciacr.com\/index.php\/wp-json\/wp\/v2\/comments?post=100567"}],"wp:featuredmedia":[{"embeddable":true,"href":"https:\/\/www.veneciacr.com\/index.php\/wp-json\/wp\/v2\/media\/100568"}],"wp:attachment":[{"href":"https:\/\/www.veneciacr.com\/index.php\/wp-json\/wp\/v2\/media?parent=100567"}],"wp:term":[{"taxonomy":"product_brand","embeddable":true,"href":"https:\/\/www.veneciacr.com\/index.php\/wp-json\/wp\/v2\/product_brand?post=100567"},{"taxonomy":"product_cat","embeddable":true,"href":"https:\/\/www.veneciacr.com\/index.php\/wp-json\/wp\/v2\/product_cat?post=100567"},{"taxonomy":"product_tag","embeddable":true,"href":"https:\/\/www.veneciacr.com\/index.php\/wp-json\/wp\/v2\/product_tag?post=100567"}],"curies":[{"name":"wp","href":"https:\/\/api.w.org\/{rel}","templated":true}]}}