{"id":100525,"date":"2026-05-13T01:54:38","date_gmt":"2026-05-13T07:54:38","guid":{"rendered":"https:\/\/www.veneciacr.com\/index.php\/producto\/chuck-taladro-3-8-s-llave-79170-tolsen\/"},"modified":"2026-05-13T01:54:38","modified_gmt":"2026-05-13T07:54:38","slug":"chuck-taladro-3-8-s-llave-79170-tolsen","status":"publish","type":"product","link":"https:\/\/www.veneciacr.com\/index.php\/producto\/chuck-taladro-3-8-s-llave-79170-tolsen\/","title":{"rendered":"CHUCK TALADRO 3\/8&#8243; S\/ LLAVE 79170 TOLSEN"},"content":{"rendered":"<p><span dir=\"auto\">\u2022 Embalaje: caja de color<\/span><\/p>\n<table>\n<tbody>\n<tr>\n<td><span dir=\"auto\">N\u00daMERO DE STOCK<\/span><\/td>\n<td><span dir=\"auto\">CAPACIDAD DEL MANDRIL<\/span><\/td>\n<td><span dir=\"auto\">TAMA\u00d1O DE LA CONEXI\u00d3N<\/span><\/td>\n<td><span dir=\"auto\">CANT.\/CAJA<\/span><\/td>\n<\/tr>\n<tr>\n<td><span dir=\"auto\">79170<\/span><\/td>\n<td><span dir=\"auto\">0,8-10 mm<\/span><\/td>\n<td><span dir=\"auto\">3\/8\u2033-24UNF<\/span><\/td>\n<td><\/td>\n<\/tr>\n<tr>\n<td><\/td>\n<td><\/td>\n<td><\/td>\n<td><\/td>\n<\/tr>\n<\/tbody>\n<\/table>\n","protected":false},"excerpt":{"rendered":"<p>\u2022 Embalaje: caja de color N\u00daMERO DE STOCK CAPACIDAD DEL MANDRIL TAMA\u00d1O DE LA CONEXI\u00d3N CANT.\/CAJA 79170 0,8-10 mm 3\/8\u2033-24UNF<\/p>\n","protected":false},"featured_media":100524,"comment_status":"closed","ping_status":"open","template":"","meta":[],"product_brand":[],"product_cat":[15],"product_tag":[],"class_list":{"0":"post-100525","1":"product","2":"type-product","3":"status-publish","4":"has-post-thumbnail","6":"product_cat-uncategorized","8":"first","9":"instock","10":"purchasable","11":"product-type-simple"},"jetpack_sharing_enabled":true,"_links":{"self":[{"href":"https:\/\/www.veneciacr.com\/index.php\/wp-json\/wp\/v2\/product\/100525","targetHints":{"allow":["GET"]}}],"collection":[{"href":"https:\/\/www.veneciacr.com\/index.php\/wp-json\/wp\/v2\/product"}],"about":[{"href":"https:\/\/www.veneciacr.com\/index.php\/wp-json\/wp\/v2\/types\/product"}],"replies":[{"embeddable":true,"href":"https:\/\/www.veneciacr.com\/index.php\/wp-json\/wp\/v2\/comments?post=100525"}],"wp:featuredmedia":[{"embeddable":true,"href":"https:\/\/www.veneciacr.com\/index.php\/wp-json\/wp\/v2\/media\/100524"}],"wp:attachment":[{"href":"https:\/\/www.veneciacr.com\/index.php\/wp-json\/wp\/v2\/media?parent=100525"}],"wp:term":[{"taxonomy":"product_brand","embeddable":true,"href":"https:\/\/www.veneciacr.com\/index.php\/wp-json\/wp\/v2\/product_brand?post=100525"},{"taxonomy":"product_cat","embeddable":true,"href":"https:\/\/www.veneciacr.com\/index.php\/wp-json\/wp\/v2\/product_cat?post=100525"},{"taxonomy":"product_tag","embeddable":true,"href":"https:\/\/www.veneciacr.com\/index.php\/wp-json\/wp\/v2\/product_tag?post=100525"}],"curies":[{"name":"wp","href":"https:\/\/api.w.org\/{rel}","templated":true}]}}