{"id":100497,"date":"2026-04-21T01:58:24","date_gmt":"2026-04-21T07:58:24","guid":{"rendered":"https:\/\/www.veneciacr.com\/index.php\/producto\/cubo-sensor-oxigeno-vacio-3-8-w84011-performance\/"},"modified":"2026-04-21T01:58:25","modified_gmt":"2026-04-21T07:58:25","slug":"cubo-sensor-oxigeno-vacio-3-8-w84011-performance","status":"publish","type":"product","link":"https:\/\/www.veneciacr.com\/index.php\/producto\/cubo-sensor-oxigeno-vacio-3-8-w84011-performance\/","title":{"rendered":"CUBO SENSOR OXIGENO\/VACIO 3\/8&#8243; W84011 PERFORMANCE"},"content":{"rendered":"<p>Retire sensores de ox\u00edgeno de dif\u00edcil acceso con este z\u00f3calo de pared delgada. Compatible con diversas marcas y modelos.<\/p>\n<p>Quita sensores de ox\u00edgeno de 7\/8 pulg. (22 mm) a los que no se puede acceder con enchufes de O2 est\u00e1ndar<\/p>\n<p>La construcci\u00f3n de paredes delgadas evita el contacto cercano con los protectores t\u00e9rmicos y otras obstrucciones.<\/p>\n<p>Ranura recortada para acomodar el mazo de cables conectado al sensor<\/p>\n<p>\u00daselo para quitar el sensor en Audi, BMW, Mercedes, Mini, Porsche, VW y otras marcas con problemas de espacio libre.<\/p>\n<p>Construcci\u00f3n de acero de aleaci\u00f3n de alta resistencia con acabado de \u00f3xido negro.<\/p>\n<p>Utilice una llave de trinquete de 3\/8 pulg. o una llave de 1 pulg.<\/p>\n<p>Longitud total 3-5\/16 pulg. con un espesor de pared de 3\/32 pulg.<\/p>\n","protected":false},"excerpt":{"rendered":"<p>Retire sensores de ox\u00edgeno de dif\u00edcil acceso con este z\u00f3calo de pared delgada. Compatible con diversas marcas y modelos. Quita<\/p>\n","protected":false},"featured_media":100498,"comment_status":"closed","ping_status":"open","template":"","meta":[],"product_brand":[],"product_cat":[15],"product_tag":[],"class_list":{"0":"post-100497","1":"product","2":"type-product","3":"status-publish","4":"has-post-thumbnail","6":"product_cat-uncategorized","8":"first","9":"outofstock","10":"purchasable","11":"product-type-simple"},"jetpack_sharing_enabled":true,"_links":{"self":[{"href":"https:\/\/www.veneciacr.com\/index.php\/wp-json\/wp\/v2\/product\/100497","targetHints":{"allow":["GET"]}}],"collection":[{"href":"https:\/\/www.veneciacr.com\/index.php\/wp-json\/wp\/v2\/product"}],"about":[{"href":"https:\/\/www.veneciacr.com\/index.php\/wp-json\/wp\/v2\/types\/product"}],"replies":[{"embeddable":true,"href":"https:\/\/www.veneciacr.com\/index.php\/wp-json\/wp\/v2\/comments?post=100497"}],"wp:featuredmedia":[{"embeddable":true,"href":"https:\/\/www.veneciacr.com\/index.php\/wp-json\/wp\/v2\/media\/100498"}],"wp:attachment":[{"href":"https:\/\/www.veneciacr.com\/index.php\/wp-json\/wp\/v2\/media?parent=100497"}],"wp:term":[{"taxonomy":"product_brand","embeddable":true,"href":"https:\/\/www.veneciacr.com\/index.php\/wp-json\/wp\/v2\/product_brand?post=100497"},{"taxonomy":"product_cat","embeddable":true,"href":"https:\/\/www.veneciacr.com\/index.php\/wp-json\/wp\/v2\/product_cat?post=100497"},{"taxonomy":"product_tag","embeddable":true,"href":"https:\/\/www.veneciacr.com\/index.php\/wp-json\/wp\/v2\/product_tag?post=100497"}],"curies":[{"name":"wp","href":"https:\/\/api.w.org\/{rel}","templated":true}]}}