{"id":100495,"date":"2026-04-21T01:58:24","date_gmt":"2026-04-21T07:58:24","guid":{"rendered":"https:\/\/www.veneciacr.com\/index.php\/producto\/bomba-extractora-de-aceite-y-gasolina-w1141-performance\/"},"modified":"2026-04-21T01:58:24","modified_gmt":"2026-04-21T07:58:24","slug":"bomba-extractora-aceite-y-gasolina-w1144-performance","status":"publish","type":"product","link":"https:\/\/www.veneciacr.com\/index.php\/producto\/bomba-extractora-aceite-y-gasolina-w1144-performance\/","title":{"rendered":"BOMBA EXTRACTORA ACEITE Y GASOLINA W1144 PERFORMANCE"},"content":{"rendered":"<p><span dir=\"auto\">Transfiera l\u00edquidos f\u00e1cilmente con esta manguera de sif\u00f3n de goma de lujo. Incluye una manguera de PVC de 1,8 m y una pera resistente al aceite y al gas.<\/span><\/p>\n<ul>\n<li><span dir=\"auto\">De uso general para transferir una variedad de l\u00edquidos, incluidos aceite, agua, gasolina o di\u00e9sel.<\/span><\/li>\n<li><span dir=\"auto\">Perfecto para la transferencia estacional o el drenaje de l\u00edquidos de cortadoras de c\u00e9sped u otros equipos.<\/span><\/li>\n<li><span dir=\"auto\">F\u00e1cil de usar, inserte la manguera del sif\u00f3n en el l\u00edquido, bombee la pera y la gravedad hace el resto.<\/span><\/li>\n<li><span dir=\"auto\">Se utiliza en una amplia gama de profesiones, desde el mantenimiento de autom\u00f3viles por parte de aficionados hasta talleres mec\u00e1nicos profesionales.<\/span><\/li>\n<li><span dir=\"auto\">La manguera de PVC de 6 pies y la pera de goma son resistentes al aceite y al gas, lo que garantiza una larga durabilidad.<\/span><\/li>\n<\/ul>\n","protected":false},"excerpt":{"rendered":"<p>Transfiera l\u00edquidos f\u00e1cilmente con esta manguera de sif\u00f3n de goma de lujo. Incluye una manguera de PVC de 1,8 m<\/p>\n","protected":false},"featured_media":100496,"comment_status":"closed","ping_status":"open","template":"","meta":[],"product_brand":[],"product_cat":[15],"product_tag":[],"class_list":{"0":"post-100495","1":"product","2":"type-product","3":"status-publish","4":"has-post-thumbnail","6":"product_cat-uncategorized","8":"first","9":"outofstock","10":"purchasable","11":"product-type-simple"},"jetpack_sharing_enabled":true,"_links":{"self":[{"href":"https:\/\/www.veneciacr.com\/index.php\/wp-json\/wp\/v2\/product\/100495","targetHints":{"allow":["GET"]}}],"collection":[{"href":"https:\/\/www.veneciacr.com\/index.php\/wp-json\/wp\/v2\/product"}],"about":[{"href":"https:\/\/www.veneciacr.com\/index.php\/wp-json\/wp\/v2\/types\/product"}],"replies":[{"embeddable":true,"href":"https:\/\/www.veneciacr.com\/index.php\/wp-json\/wp\/v2\/comments?post=100495"}],"wp:featuredmedia":[{"embeddable":true,"href":"https:\/\/www.veneciacr.com\/index.php\/wp-json\/wp\/v2\/media\/100496"}],"wp:attachment":[{"href":"https:\/\/www.veneciacr.com\/index.php\/wp-json\/wp\/v2\/media?parent=100495"}],"wp:term":[{"taxonomy":"product_brand","embeddable":true,"href":"https:\/\/www.veneciacr.com\/index.php\/wp-json\/wp\/v2\/product_brand?post=100495"},{"taxonomy":"product_cat","embeddable":true,"href":"https:\/\/www.veneciacr.com\/index.php\/wp-json\/wp\/v2\/product_cat?post=100495"},{"taxonomy":"product_tag","embeddable":true,"href":"https:\/\/www.veneciacr.com\/index.php\/wp-json\/wp\/v2\/product_tag?post=100495"}],"curies":[{"name":"wp","href":"https:\/\/api.w.org\/{rel}","templated":true}]}}