{"id":100489,"date":"2026-04-27T01:54:32","date_gmt":"2026-04-27T07:54:32","guid":{"rendered":"https:\/\/www.veneciacr.com\/index.php\/producto\/calibrador-laminas-26-hojas-w80528-performance\/"},"modified":"2026-04-27T01:54:33","modified_gmt":"2026-04-27T07:54:33","slug":"calibrador-laminas-26-hojas-w80528-performance","status":"publish","type":"product","link":"https:\/\/www.veneciacr.com\/index.php\/producto\/calibrador-laminas-26-hojas-w80528-performance\/","title":{"rendered":"CALIBRADOR LAMINAS 26 HOJAS W80528 PERFORMANCE"},"content":{"rendered":"<p><span dir=\"auto\">Verifique la holgura de los puntos de encendido y el juego de v\u00e1lvulas con este calibre de 26 l\u00e1minas. Incluye medidas SAE y m\u00e9tricas.<\/span><\/p>\n<ul>\n<li><span dir=\"auto\">26 hojas rectas.<\/span><\/li>\n<li><span dir=\"auto\">Verifique que haya una holgura precisa en los puntos de encendido, juego de v\u00e1lvulas, etc.<\/span><\/li>\n<li><span dir=\"auto\">Tama\u00f1os SAE: .0015, .002, .0025, .003, .004, .005, .006, .007, .008, .009, .010, .011, .012, .013, .014, .015, .016, .017, .018, .019, .020, .021, .022, .023, .024, .025&#8243;<\/span><\/li>\n<li><span dir=\"auto\">Tama\u00f1os m\u00e9tricos: .038, .051, .064, .076, .102, .127, .152, .178, .203, .229, .254, .279, .305, .330, .356, .381, .406, .432, .457, .483, .508, .533, .559, .584, .610, .635 mm<\/span><\/li>\n<\/ul>\n","protected":false},"excerpt":{"rendered":"<p>Verifique la holgura de los puntos de encendido y el juego de v\u00e1lvulas con este calibre de 26 l\u00e1minas. Incluye<\/p>\n","protected":false},"featured_media":100490,"comment_status":"closed","ping_status":"open","template":"","meta":[],"product_brand":[],"product_cat":[15],"product_tag":[],"class_list":{"0":"post-100489","1":"product","2":"type-product","3":"status-publish","4":"has-post-thumbnail","6":"product_cat-uncategorized","8":"first","9":"instock","10":"purchasable","11":"product-type-simple"},"jetpack_sharing_enabled":true,"_links":{"self":[{"href":"https:\/\/www.veneciacr.com\/index.php\/wp-json\/wp\/v2\/product\/100489","targetHints":{"allow":["GET"]}}],"collection":[{"href":"https:\/\/www.veneciacr.com\/index.php\/wp-json\/wp\/v2\/product"}],"about":[{"href":"https:\/\/www.veneciacr.com\/index.php\/wp-json\/wp\/v2\/types\/product"}],"replies":[{"embeddable":true,"href":"https:\/\/www.veneciacr.com\/index.php\/wp-json\/wp\/v2\/comments?post=100489"}],"wp:featuredmedia":[{"embeddable":true,"href":"https:\/\/www.veneciacr.com\/index.php\/wp-json\/wp\/v2\/media\/100490"}],"wp:attachment":[{"href":"https:\/\/www.veneciacr.com\/index.php\/wp-json\/wp\/v2\/media?parent=100489"}],"wp:term":[{"taxonomy":"product_brand","embeddable":true,"href":"https:\/\/www.veneciacr.com\/index.php\/wp-json\/wp\/v2\/product_brand?post=100489"},{"taxonomy":"product_cat","embeddable":true,"href":"https:\/\/www.veneciacr.com\/index.php\/wp-json\/wp\/v2\/product_cat?post=100489"},{"taxonomy":"product_tag","embeddable":true,"href":"https:\/\/www.veneciacr.com\/index.php\/wp-json\/wp\/v2\/product_tag?post=100489"}],"curies":[{"name":"wp","href":"https:\/\/api.w.org\/{rel}","templated":true}]}}