{"id":100485,"date":"2026-04-29T01:54:45","date_gmt":"2026-04-29T07:54:45","guid":{"rendered":"https:\/\/www.veneciacr.com\/index.php\/producto\/set-llaves-corona-acodada-6-32mm-12pzs-15896-tolsen\/"},"modified":"2026-04-29T01:54:45","modified_gmt":"2026-04-29T07:54:45","slug":"set-llaves-corona-acodada-6-32mm-12pzs-15896-tolsen","status":"publish","type":"product","link":"https:\/\/www.veneciacr.com\/index.php\/producto\/set-llaves-corona-acodada-6-32mm-12pzs-15896-tolsen\/","title":{"rendered":"SET LLAVES CORONA ACODADA 6-32MM 12PZS 15896 TOLSEN"},"content":{"rendered":"<p><span dir=\"auto\">\u2022 Fabricado seg\u00fan la norma DIN 838<\/span><br \/>\n<span dir=\"auto\">\u2022 Cromado, acabado satinado<\/span><br \/>\n<span dir=\"auto\">\u2022 Embalaje: bolsa<\/span><\/p>\n<table>\n<tbody>\n<tr>\n<td><span dir=\"auto\">N\u00daMERO DE STOCK<\/span><\/td>\n<td><span dir=\"auto\">TAMA\u00d1O<\/span><\/td>\n<td><span dir=\"auto\">CANT.\/CAJA<\/span><\/td>\n<\/tr>\n<tr>\n<td><span dir=\"auto\">15896<\/span><\/td>\n<td><span dir=\"auto\">6\u00d77, 8\u00d79, 10\u00d711, 12\u00d713,<\/span><br \/>\n<span dir=\"auto\">14\u00d715, 16\u00d717, 18\u00d719, 20\u00d722, 21\u00d723,<\/span><br \/>\n<span dir=\"auto\">24\u00d727, 25\u00d728, 30\u00d732 mm<\/span><\/td>\n<td><span dir=\"auto\">1<\/span><\/td>\n<\/tr>\n<\/tbody>\n<\/table>\n","protected":false},"excerpt":{"rendered":"<p>\u2022 Fabricado seg\u00fan la norma DIN 838 \u2022 Cromado, acabado satinado \u2022 Embalaje: bolsa N\u00daMERO DE STOCK TAMA\u00d1O CANT.\/CAJA 15896<\/p>\n","protected":false},"featured_media":100486,"comment_status":"closed","ping_status":"open","template":"","meta":[],"product_brand":[],"product_cat":[15],"product_tag":[],"class_list":{"0":"post-100485","1":"product","2":"type-product","3":"status-publish","4":"has-post-thumbnail","6":"product_cat-uncategorized","8":"first","9":"instock","10":"purchasable","11":"product-type-simple"},"jetpack_sharing_enabled":true,"_links":{"self":[{"href":"https:\/\/www.veneciacr.com\/index.php\/wp-json\/wp\/v2\/product\/100485","targetHints":{"allow":["GET"]}}],"collection":[{"href":"https:\/\/www.veneciacr.com\/index.php\/wp-json\/wp\/v2\/product"}],"about":[{"href":"https:\/\/www.veneciacr.com\/index.php\/wp-json\/wp\/v2\/types\/product"}],"replies":[{"embeddable":true,"href":"https:\/\/www.veneciacr.com\/index.php\/wp-json\/wp\/v2\/comments?post=100485"}],"wp:featuredmedia":[{"embeddable":true,"href":"https:\/\/www.veneciacr.com\/index.php\/wp-json\/wp\/v2\/media\/100486"}],"wp:attachment":[{"href":"https:\/\/www.veneciacr.com\/index.php\/wp-json\/wp\/v2\/media?parent=100485"}],"wp:term":[{"taxonomy":"product_brand","embeddable":true,"href":"https:\/\/www.veneciacr.com\/index.php\/wp-json\/wp\/v2\/product_brand?post=100485"},{"taxonomy":"product_cat","embeddable":true,"href":"https:\/\/www.veneciacr.com\/index.php\/wp-json\/wp\/v2\/product_cat?post=100485"},{"taxonomy":"product_tag","embeddable":true,"href":"https:\/\/www.veneciacr.com\/index.php\/wp-json\/wp\/v2\/product_tag?post=100485"}],"curies":[{"name":"wp","href":"https:\/\/api.w.org\/{rel}","templated":true}]}}