{"id":100347,"date":"2026-04-21T01:58:36","date_gmt":"2026-04-21T07:58:36","guid":{"rendered":"https:\/\/www.veneciacr.com\/index.php\/producto\/bomba-presurizadora-jet-acero-1-hp-con-control-pre-1i-truper\/"},"modified":"2026-04-21T01:58:38","modified_gmt":"2026-04-21T07:58:38","slug":"contra-pedido-bomba-presurizadora-jet-acero-1hp-con-control-pre-1i-truper","status":"publish","type":"product","link":"https:\/\/www.veneciacr.com\/index.php\/producto\/contra-pedido-bomba-presurizadora-jet-acero-1hp-con-control-pre-1i-truper\/","title":{"rendered":"CONTRA PEDIDO BOMBA PRESURIZADORA JET ACERO 1HP CON CONTROL  PRE-1I TRUPER"},"content":{"rendered":"<p><strong>Producto contra pedido,\u00a0 el tiempo de entrega de este producto es de 2 d\u00edas h\u00e1biles.<\/strong><\/p>\n<p>&nbsp;<\/p>\n<p>Incrementa la presi\u00f3n de agua al detectar suministro de agua<\/p>\n<p>Uso dom\u00e9stico<\/p>\n<p>Flujo m\u00e1ximo: 50 L\/min<\/p>\n<p>Altura m\u00e1xima: 50 m<\/p>\n<p>Profundidad m\u00e1xima de succi\u00f3n: 7 m<\/p>\n<div class=\"col-6\">\n<div class=\"table-responsive tabla_border\">\n<table class=\"table table-bordered table_info_prod align-middle m-0\">\n<tbody>\n<tr id=\"tabla_especs\">\n<th class=\"tamanio_th_especs\" scope=\"row\">\n<p class=\"margen_tabla_especs\">Potencia<\/p>\n<\/th>\n<td>\n<p class=\"margen_tabla_especs\">1 HP<\/p>\n<\/td>\n<\/tr>\n<tr id=\"tabla_especs\">\n<th class=\"tamanio_th_especs\" scope=\"row\">\n<p class=\"margen_tabla_especs\">Flujo m\u00e1ximo<\/p>\n<\/th>\n<td>\n<p class=\"margen_tabla_especs\">50\u00a0L\/min<\/p>\n<\/td>\n<\/tr>\n<tr id=\"tabla_especs\">\n<th class=\"tamanio_th_especs\" scope=\"row\">\n<p class=\"margen_tabla_especs\">Di\u00e1metro de entrada \/ salida<\/p>\n<\/th>\n<td>\n<p class=\"margen_tabla_especs\">1&#8243; NPT<\/p>\n<\/td>\n<\/tr>\n<tr id=\"tabla_especs\">\n<th class=\"tamanio_th_especs\" scope=\"row\">\n<p class=\"margen_tabla_especs\">Tomas simult\u00e1neas de agua<\/p>\n<\/th>\n<td>\n<p class=\"margen_tabla_especs\">6<\/p>\n<\/td>\n<\/tr>\n<tr id=\"tabla_especs\">\n<th class=\"tamanio_th_especs\" scope=\"row\">\n<p class=\"margen_tabla_especs\">Ciclo de trabajo<\/p>\n<\/th>\n<td>\n<p class=\"margen_tabla_especs\">50 minutos de trabajo por 20 minutos de descanso. M\u00e1ximo diario 6 horas<\/p>\n<\/td>\n<\/tr>\n<tr id=\"tabla_especs\">\n<th class=\"tamanio_th_especs\" scope=\"row\">\n<p class=\"margen_tabla_especs\">Consumo<\/p>\n<\/th>\n<td>\n<p class=\"margen_tabla_especs\">9.5 A<\/p>\n<\/td>\n<\/tr>\n<tr id=\"tabla_especs\">\n<th class=\"tamanio_th_especs\" scope=\"row\">\n<p class=\"margen_tabla_especs\">Peso<\/p>\n<\/th>\n<td>\n<p class=\"margen_tabla_especs\">10.8 kg<\/p>\n<\/td>\n<\/tr>\n<\/tbody>\n<\/table>\n<\/div>\n<\/div>\n<div class=\"col-6\">\n<div class=\"table-responsive tabla_border\">\n<table class=\"table table-bordered table_info_prod align-middle m-0\">\n<tbody>\n<tr id=\"tabla_especs\">\n<th class=\"tamanio_th_especs\" scope=\"row\">\n<p class=\"margen_tabla_especs\">Altura m\u00e1xima<\/p>\n<\/th>\n<td>\n<p class=\"margen_tabla_especs\">50 m<\/p>\n<\/td>\n<\/tr>\n<tr id=\"tabla_especs\">\n<th class=\"tamanio_th_especs\" scope=\"row\">\n<p class=\"margen_tabla_especs\">Profundidad m\u00e1xima de succi\u00f3n<\/p>\n<\/th>\n<td>\n<p class=\"margen_tabla_especs\">7 m<\/p>\n<\/td>\n<\/tr>\n<tr id=\"tabla_especs\">\n<th class=\"tamanio_th_especs\" scope=\"row\">\n<p class=\"margen_tabla_especs\">Presi\u00f3n m\u00e1xima<\/p>\n<\/th>\n<td>\n<p class=\"margen_tabla_especs\">70 psi<\/p>\n<\/td>\n<\/tr>\n<tr id=\"tabla_especs\">\n<th class=\"tamanio_th_especs\" scope=\"row\">\n<p class=\"margen_tabla_especs\">Velocidad<\/p>\n<\/th>\n<td>\n<p class=\"margen_tabla_especs\">3,450 rpm<\/p>\n<\/td>\n<\/tr>\n<tr id=\"tabla_especs\">\n<th class=\"tamanio_th_especs\" scope=\"row\">\n<p class=\"margen_tabla_especs\">Tensi\u00f3n \/ Frecuencia<\/p>\n<\/th>\n<td>\n<p class=\"margen_tabla_especs\">127 V \/ 60 Hz<\/p>\n<\/td>\n<\/tr>\n<tr id=\"tabla_especs\">\n<th class=\"tamanio_th_especs\" scope=\"row\">\n<p class=\"margen_tabla_especs\">Dimensiones (Base x Alto x Fondo)<\/p>\n<\/th>\n<td>\n<p class=\"margen_tabla_especs\">18 cm x 42 cm x 38 cm<\/p>\n<\/td>\n<\/tr>\n<\/tbody>\n<\/table>\n<\/div>\n<\/div>\n","protected":false},"excerpt":{"rendered":"<p>Producto contra pedido,\u00a0 el tiempo de entrega de este producto es de 2 d\u00edas h\u00e1biles. &nbsp; Incrementa la presi\u00f3n de<\/p>\n","protected":false},"featured_media":100348,"comment_status":"closed","ping_status":"open","template":"","meta":[],"product_brand":[],"product_cat":[15],"product_tag":[],"class_list":{"0":"post-100347","1":"product","2":"type-product","3":"status-publish","4":"has-post-thumbnail","6":"product_cat-uncategorized","8":"first","9":"instock","10":"purchasable","11":"product-type-simple"},"jetpack_sharing_enabled":true,"_links":{"self":[{"href":"https:\/\/www.veneciacr.com\/index.php\/wp-json\/wp\/v2\/product\/100347","targetHints":{"allow":["GET"]}}],"collection":[{"href":"https:\/\/www.veneciacr.com\/index.php\/wp-json\/wp\/v2\/product"}],"about":[{"href":"https:\/\/www.veneciacr.com\/index.php\/wp-json\/wp\/v2\/types\/product"}],"replies":[{"embeddable":true,"href":"https:\/\/www.veneciacr.com\/index.php\/wp-json\/wp\/v2\/comments?post=100347"}],"wp:featuredmedia":[{"embeddable":true,"href":"https:\/\/www.veneciacr.com\/index.php\/wp-json\/wp\/v2\/media\/100348"}],"wp:attachment":[{"href":"https:\/\/www.veneciacr.com\/index.php\/wp-json\/wp\/v2\/media?parent=100347"}],"wp:term":[{"taxonomy":"product_brand","embeddable":true,"href":"https:\/\/www.veneciacr.com\/index.php\/wp-json\/wp\/v2\/product_brand?post=100347"},{"taxonomy":"product_cat","embeddable":true,"href":"https:\/\/www.veneciacr.com\/index.php\/wp-json\/wp\/v2\/product_cat?post=100347"},{"taxonomy":"product_tag","embeddable":true,"href":"https:\/\/www.veneciacr.com\/index.php\/wp-json\/wp\/v2\/product_tag?post=100347"}],"curies":[{"name":"wp","href":"https:\/\/api.w.org\/{rel}","templated":true}]}}