{"id":100336,"date":"2026-04-22T01:50:29","date_gmt":"2026-04-22T07:50:29","guid":{"rendered":"https:\/\/www.veneciacr.com\/index.php\/producto\/camara-wifi-4k-con-panel-solar-c460-tp-link\/"},"modified":"2026-04-22T01:50:29","modified_gmt":"2026-04-22T07:50:29","slug":"camara-wifi-4k-con-panel-solar-c460-tp-link","status":"publish","type":"product","link":"https:\/\/www.veneciacr.com\/index.php\/producto\/camara-wifi-4k-con-panel-solar-c460-tp-link\/","title":{"rendered":"CAMARA WIFI 4K CON PANEL SOLAR C460 TP LINK"},"content":{"rendered":"<p>este producto es contrapedido , tarda de 1 a 2 dias habiles en llegar<\/p>\n<pre id=\"tw-target-text\" class=\"tw-data-text tw-text-large tw-ta\" dir=\"ltr\" tabindex=\"-1\" role=\"text\" data-placeholder=\"Translation\" data-ved=\"2ahUKEwjayp_b64-QAxW7TDABHUk-FyAQ3ewLegQICxAU\" aria-label=\"Translated text: Alimentaci\u00f3n ininterrumpida: Disfrute de una experiencia de seguridad sin mantenimiento con el panel solar Tapo, que proporciona alimentaci\u00f3n continua y una instalaci\u00f3n flexible.\r\nSin cables, se instala pr\u00e1cticamente en cualquier lugar: Elimina la necesidad de enchufes y permite una ubicaci\u00f3n flexible. A\u00f1ada seguridad a su hogar, donde y cuando quiera.\r\nClaridad m\u00e1xima 4K: La c\u00e1mara cuenta con una resoluci\u00f3n 4K de 8 MP para una claridad superior con un sensor de imagen, procesador y lente mejorados.\r\nVisi\u00f3n nocturna Starlight Color: Capture im\u00e1genes vibrantes con poca luz. Mejore la seguridad con un lente F1.6, sensor Starlight y focos.\r\nAjuste f\u00e1cil al mejor \u00e1ngulo: Monitoree desde cualquier \u00e1ngulo con la base magn\u00e9tica ajustable.\r\nOpciones de almacenamiento flexibles: Elija entre almacenamiento local en microSD de hasta 512 GB o el servicio seguro en la nube Tapo Care para mayor tranquilidad.\r\nDetecci\u00f3n gratuita por IA: Gracias a la tecnolog\u00eda de IA, la c\u00e1mara emite alertas al identificar personas, mascotas y veh\u00edculos, lo que reduce las falsas alertas y las notificaciones innecesarias. Notificaciones de tel\u00e9fono inteligente: personalice las zonas de actividad para una detecci\u00f3n precisa de movimiento y alertas telef\u00f3nicas, centr\u00e1ndose en lo que realmente importa.\"><span class=\"Y2IQFc\" lang=\"es\">Alimentaci\u00f3n ininterrumpida: Disfrute de una experiencia de seguridad sin mantenimiento con el panel solar Tapo, que proporciona alimentaci\u00f3n continua y una instalaci\u00f3n flexible.\r\nSin cables, se instala pr\u00e1cticamente en cualquier lugar: Elimina la necesidad de enchufes y permite una ubicaci\u00f3n flexible. A\u00f1ada seguridad a su hogar, donde y cuando quiera.\r\nClaridad m\u00e1xima 4K: La c\u00e1mara cuenta con una resoluci\u00f3n 4K de 8 MP para una claridad superior con un sensor de imagen, procesador y lente mejorados.\r\nVisi\u00f3n nocturna Starlight Color: Capture im\u00e1genes vibrantes con poca luz. Mejore la seguridad con un lente F1.6, sensor Starlight y focos.\r\nAjuste f\u00e1cil al mejor \u00e1ngulo: Monitoree desde cualquier \u00e1ngulo con la base magn\u00e9tica ajustable.\r\nOpciones de almacenamiento flexibles: Elija entre almacenamiento local en microSD de hasta 512 GB o el servicio seguro en la nube Tapo Care para mayor tranquilidad.\r\nDetecci\u00f3n gratuita por IA: Gracias a la tecnolog\u00eda de IA, la c\u00e1mara emite alertas al identificar personas, mascotas y veh\u00edculos, lo que reduce las falsas alertas y las notificaciones innecesarias. Notificaciones de tel\u00e9fono inteligente: personalice las zonas de actividad para una detecci\u00f3n precisa de movimiento y alertas telef\u00f3nicas, centr\u00e1ndose en lo que realmente importa.<\/span><\/pre>\n<pre id=\"tw-target-text\" class=\"tw-data-text tw-text-large tw-ta\" dir=\"ltr\" tabindex=\"-1\" role=\"text\" data-placeholder=\"Translation\" data-ved=\"2ahUKEwjayp_b64-QAxW7TDABHUk-FyAQ3ewLegQICxAU\" aria-label=\"Translated text: Alimentaci\u00f3n ininterrumpida: Disfrute de una experiencia de seguridad sin mantenimiento con el panel solar Tapo, que proporciona alimentaci\u00f3n continua y una instalaci\u00f3n flexible. Sin cables, se instala pr\u00e1cticamente en cualquier lugar: Elimina la necesidad de enchufes y permite una ubicaci\u00f3n flexible. A\u00f1ada seguridad a su hogar, donde y cuando quiera. Claridad m\u00e1xima 4K: La c\u00e1mara cuenta con una resoluci\u00f3n 4K de 8 MP para una claridad superior con un sensor de imagen, procesador y lente mejorados. Visi\u00f3n nocturna Starlight Color: Capture im\u00e1genes vibrantes con poca luz. Mejore la seguridad con un lente F1.6, sensor Starlight y focos. Ajuste f\u00e1cil al mejor \u00e1ngulo: Monitoree desde cualquier \u00e1ngulo con la base magn\u00e9tica ajustable. Opciones de almacenamiento flexibles: Elija entre almacenamiento local en microSD de hasta 512 GB o el servicio seguro en la nube Tapo Care para mayor tranquilidad. Detecci\u00f3n gratuita por IA: Gracias a la tecnolog\u00eda de IA, la c\u00e1mara emite alertas al identificar personas, mascotas y veh\u00edculos, lo que reduce las falsas alertas y las notificaciones innecesarias. Notificaciones de tel\u00e9fono inteligente: personalice las zonas de actividad para una detecci\u00f3n precisa de movimiento y alertas telef\u00f3nicas, centr\u00e1ndose en lo que realmente importa.\"><\/pre>\n","protected":false},"excerpt":{"rendered":"<p>este producto es contrapedido , tarda de 1 a 2 dias habiles en llegar Alimentaci\u00f3n ininterrumpida: Disfrute de una experiencia<\/p>\n","protected":false},"featured_media":100337,"comment_status":"closed","ping_status":"open","template":"","meta":[],"product_brand":[],"product_cat":[15],"product_tag":[],"class_list":{"0":"post-100336","1":"product","2":"type-product","3":"status-publish","4":"has-post-thumbnail","6":"product_cat-uncategorized","8":"first","9":"outofstock","10":"purchasable","11":"product-type-simple"},"jetpack_sharing_enabled":true,"_links":{"self":[{"href":"https:\/\/www.veneciacr.com\/index.php\/wp-json\/wp\/v2\/product\/100336","targetHints":{"allow":["GET"]}}],"collection":[{"href":"https:\/\/www.veneciacr.com\/index.php\/wp-json\/wp\/v2\/product"}],"about":[{"href":"https:\/\/www.veneciacr.com\/index.php\/wp-json\/wp\/v2\/types\/product"}],"replies":[{"embeddable":true,"href":"https:\/\/www.veneciacr.com\/index.php\/wp-json\/wp\/v2\/comments?post=100336"}],"wp:featuredmedia":[{"embeddable":true,"href":"https:\/\/www.veneciacr.com\/index.php\/wp-json\/wp\/v2\/media\/100337"}],"wp:attachment":[{"href":"https:\/\/www.veneciacr.com\/index.php\/wp-json\/wp\/v2\/media?parent=100336"}],"wp:term":[{"taxonomy":"product_brand","embeddable":true,"href":"https:\/\/www.veneciacr.com\/index.php\/wp-json\/wp\/v2\/product_brand?post=100336"},{"taxonomy":"product_cat","embeddable":true,"href":"https:\/\/www.veneciacr.com\/index.php\/wp-json\/wp\/v2\/product_cat?post=100336"},{"taxonomy":"product_tag","embeddable":true,"href":"https:\/\/www.veneciacr.com\/index.php\/wp-json\/wp\/v2\/product_tag?post=100336"}],"curies":[{"name":"wp","href":"https:\/\/api.w.org\/{rel}","templated":true}]}}