{"id":100334,"date":"2026-04-21T01:58:39","date_gmt":"2026-04-21T07:58:39","guid":{"rendered":"https:\/\/www.veneciacr.com\/index.php\/producto\/camara-wifi-2k-con-panel-solar-c410-tp-link\/"},"modified":"2026-04-21T01:58:40","modified_gmt":"2026-04-21T07:58:40","slug":"camara-wifi-2k-con-panel-solar-c410-tp-link","status":"publish","type":"product","link":"https:\/\/www.veneciacr.com\/index.php\/producto\/camara-wifi-2k-con-panel-solar-c410-tp-link\/","title":{"rendered":"CAMARA WIFI 2K CON PANEL SOLAR C410 TP LINK"},"content":{"rendered":"<p>Este producto es contrapedido, tarda de 1 a 2 dias habiles en llegar<\/p>\n<ul>\n<li><strong>Panel Solar Tapo.<\/strong> Mant\u00e9n tu c\u00e1mara en funcionamiento las 24 horas del d\u00eda con el panel solar.<\/li>\n<li><strong>Instalaci\u00f3n Sin Cables<\/strong>. Gracias a la bater\u00eda integrada podr\u00e1s colocar\u00a0las c\u00e1maras en cualquier lugar sin depender de enchufes.<\/li>\n<li><strong>Grabaci\u00f3n de V\u00eddeo 2K\u00a03MP<\/strong>. Videos y fotos m\u00e1s n\u00edtidos con alta resoluci\u00f3n.<\/li>\n<li><strong>Visi\u00f3n nocturna a todo color.\u00a0<\/strong>Graba videos con alta calidad de imagen y colores n\u00edtidos incluso de noche.<\/li>\n<li><strong>Almacenamiento Local o en la Nube.<\/strong>\u00a0Elige entre almacenamiento local microSD de hasta 512 GB o el servicio en la nube Tapo Care<\/li>\n<li><strong>Detecci\u00f3n Mediante IA Gratuita. <\/strong>Gracias a la tecnolog\u00eda de IA, la c\u00e1mara emite alertas a medida que identifica personas, mascotas y veh\u00edculos, lo que reduce las falsas alertas y las notificaciones innecesarias.<\/li>\n<li><strong>Zona de Actividad Personalizable. <\/strong>Configura zonas de detecci\u00f3n espec\u00edficas..<\/li>\n<li><strong>Resistente al Agua y al Polvo IP65<\/strong>.\u00a0La\u00a0c\u00e1mara\u00a0est\u00e1\u00a0herm\u00e9ticamente sellada\u00a0frente al agua y el polvo<\/li>\n<\/ul>\n<p>&nbsp;<\/p>\n","protected":false},"excerpt":{"rendered":"<p>Este producto es contrapedido, tarda de 1 a 2 dias habiles en llegar Panel Solar Tapo. Mant\u00e9n tu c\u00e1mara en<\/p>\n","protected":false},"featured_media":100335,"comment_status":"closed","ping_status":"open","template":"","meta":[],"product_brand":[],"product_cat":[15],"product_tag":[],"class_list":{"0":"post-100334","1":"product","2":"type-product","3":"status-publish","4":"has-post-thumbnail","6":"product_cat-uncategorized","8":"first","9":"outofstock","10":"purchasable","11":"product-type-simple"},"jetpack_sharing_enabled":true,"_links":{"self":[{"href":"https:\/\/www.veneciacr.com\/index.php\/wp-json\/wp\/v2\/product\/100334","targetHints":{"allow":["GET"]}}],"collection":[{"href":"https:\/\/www.veneciacr.com\/index.php\/wp-json\/wp\/v2\/product"}],"about":[{"href":"https:\/\/www.veneciacr.com\/index.php\/wp-json\/wp\/v2\/types\/product"}],"replies":[{"embeddable":true,"href":"https:\/\/www.veneciacr.com\/index.php\/wp-json\/wp\/v2\/comments?post=100334"}],"wp:featuredmedia":[{"embeddable":true,"href":"https:\/\/www.veneciacr.com\/index.php\/wp-json\/wp\/v2\/media\/100335"}],"wp:attachment":[{"href":"https:\/\/www.veneciacr.com\/index.php\/wp-json\/wp\/v2\/media?parent=100334"}],"wp:term":[{"taxonomy":"product_brand","embeddable":true,"href":"https:\/\/www.veneciacr.com\/index.php\/wp-json\/wp\/v2\/product_brand?post=100334"},{"taxonomy":"product_cat","embeddable":true,"href":"https:\/\/www.veneciacr.com\/index.php\/wp-json\/wp\/v2\/product_cat?post=100334"},{"taxonomy":"product_tag","embeddable":true,"href":"https:\/\/www.veneciacr.com\/index.php\/wp-json\/wp\/v2\/product_tag?post=100334"}],"curies":[{"name":"wp","href":"https:\/\/api.w.org\/{rel}","templated":true}]}}