{"id":100079,"date":"2026-04-22T01:50:31","date_gmt":"2026-04-22T07:50:31","guid":{"rendered":"https:\/\/www.veneciacr.com\/index.php\/producto\/teclado-y-mouse-rgb-km-gx3-genius\/"},"modified":"2026-04-22T01:50:32","modified_gmt":"2026-04-22T07:50:32","slug":"teclado-y-mouse-rgb-km-gx3-genius","status":"publish","type":"product","link":"https:\/\/www.veneciacr.com\/index.php\/producto\/teclado-y-mouse-rgb-km-gx3-genius\/","title":{"rendered":"TECLADO Y MOUSE RGB KM-GX3 GENIUS"},"content":{"rendered":"<div class=\"prdview_edit\">\n<div class=\"editor-area\">\n<div class=\"edit_sec_11 text-center\">\n<div class=\"container-fluid p-0\">\n<div class=\"row m-0\">\n<div class=\"col-lg-12 p-0 mb-0\">\n<div class=\"edit_content_11\">\n<h2>TECLA TIPO SENSACI\u00d3N MEC\u00c1NICA<\/h2>\n<p>Disfruta de la r\u00e1pida respuesta y el satisfactorio clic de un teclado tipo mec\u00e1nico para una gran experiencia de juego.<\/p>\n<\/div>\n<\/div>\n<div class=\"col-lg-12 p-0 mb-0\"><img data-recalc-dims=\"1\" decoding=\"async\" class=\"img-fluid m-0\" src=\"https:\/\/i0.wp.com\/download.geniusnet.com\/web-image\/Product\/Gaming\/08_Gaming_Combos\/Scorpion_KM-GX3\/Scorpion_KM-GX3_W01.webp?ssl=1\" data-no-retina=\"\" \/><\/div>\n<\/div>\n<\/div>\n<\/div>\n<div class=\"edit_sec_11 text-center\">\n<div class=\"container-fluid p-0\">\n<div class=\"row m-0\">\n<div class=\"col-lg-12 p-0 mb-0\">\n<div class=\"edit_content_11\">\n<h2>ANTI-GHOSTING Y COMBINACIONES MULTIMEDIA<\/h2>\n<p>19 teclas anti-ghosting te permiten trabajar simult\u00e1neamente y los atajos de teclas multimedia te permiten jugar f\u00e1cilmente.<\/p>\n<\/div>\n<\/div>\n<div class=\"col-lg-12 p-0 mb-0\"><img data-recalc-dims=\"1\" decoding=\"async\" class=\"img-fluid m-0\" src=\"https:\/\/i0.wp.com\/download.geniusnet.com\/web-image\/Product\/Gaming\/08_Gaming_Combos\/Scorpion_KM-GX3\/Scorpion_KM-GX3_W02.webp?ssl=1\" data-no-retina=\"\" \/><\/div>\n<\/div>\n<\/div>\n<\/div>\n<div class=\"edit_sec_11 text-center\">\n<div class=\"container-fluid p-0\">\n<div class=\"row m-0\">\n<div class=\"col-lg-12 p-0 mb-0\">\n<div class=\"edit_content_11\">\n<h2>COMBOS DE JUEGO ILUMINADOS RGB<\/h2>\n<p>Teclado y rat\u00f3n con retroiluminaci\u00f3n RGB de 7 colores y sensor de 2400 DPI que hacen tu juego m\u00e1s divertido y elevan tu \u00e1nimo con colores brillantes y luces, creando una gran atm\u00f3sfera visual.<\/p>\n<\/div>\n<\/div>\n<div class=\"col-lg-12 p-0 mb-0\"><img data-recalc-dims=\"1\" decoding=\"async\" class=\"img-fluid m-0\" src=\"https:\/\/i0.wp.com\/download.geniusnet.com\/web-image\/Product\/Gaming\/08_Gaming_Combos\/Scorpion_KM-GX3\/Scorpion_KM-GX3_W03.webp?ssl=1\" data-no-retina=\"\" \/><\/div>\n<\/div>\n<\/div>\n<\/div>\n<\/div>\n<\/div>\n","protected":false},"excerpt":{"rendered":"<p>TECLA TIPO SENSACI\u00d3N MEC\u00c1NICA Disfruta de la r\u00e1pida respuesta y el satisfactorio clic de un teclado tipo mec\u00e1nico para una<\/p>\n","protected":false},"featured_media":100080,"comment_status":"closed","ping_status":"open","template":"","meta":[],"product_brand":[],"product_cat":[15],"product_tag":[],"class_list":{"0":"post-100079","1":"product","2":"type-product","3":"status-publish","4":"has-post-thumbnail","6":"product_cat-uncategorized","8":"first","9":"instock","10":"purchasable","11":"product-type-simple"},"jetpack_sharing_enabled":true,"_links":{"self":[{"href":"https:\/\/www.veneciacr.com\/index.php\/wp-json\/wp\/v2\/product\/100079","targetHints":{"allow":["GET"]}}],"collection":[{"href":"https:\/\/www.veneciacr.com\/index.php\/wp-json\/wp\/v2\/product"}],"about":[{"href":"https:\/\/www.veneciacr.com\/index.php\/wp-json\/wp\/v2\/types\/product"}],"replies":[{"embeddable":true,"href":"https:\/\/www.veneciacr.com\/index.php\/wp-json\/wp\/v2\/comments?post=100079"}],"wp:featuredmedia":[{"embeddable":true,"href":"https:\/\/www.veneciacr.com\/index.php\/wp-json\/wp\/v2\/media\/100080"}],"wp:attachment":[{"href":"https:\/\/www.veneciacr.com\/index.php\/wp-json\/wp\/v2\/media?parent=100079"}],"wp:term":[{"taxonomy":"product_brand","embeddable":true,"href":"https:\/\/www.veneciacr.com\/index.php\/wp-json\/wp\/v2\/product_brand?post=100079"},{"taxonomy":"product_cat","embeddable":true,"href":"https:\/\/www.veneciacr.com\/index.php\/wp-json\/wp\/v2\/product_cat?post=100079"},{"taxonomy":"product_tag","embeddable":true,"href":"https:\/\/www.veneciacr.com\/index.php\/wp-json\/wp\/v2\/product_tag?post=100079"}],"curies":[{"name":"wp","href":"https:\/\/api.w.org\/{rel}","templated":true}]}}