{"id":100070,"date":"2026-04-22T01:50:31","date_gmt":"2026-04-22T07:50:31","guid":{"rendered":"https:\/\/www.veneciacr.com\/index.php\/producto\/cachera-fregadero-flex-palillo-cromado-aqf-88-foset\/"},"modified":"2026-04-22T01:50:33","modified_gmt":"2026-04-22T07:50:33","slug":"cachera-fregadero-flex-palillo-cromado-aqf-88-foset","status":"publish","type":"product","link":"https:\/\/www.veneciacr.com\/index.php\/producto\/cachera-fregadero-flex-palillo-cromado-aqf-88-foset\/","title":{"rendered":"CACHERA FREGADERO FLEX PALILLO CROMADO AQF-88 FOSET"},"content":{"rendered":"<p>Mezcladora inox 8&#8243; p\/fregadero, flexible, palanca, Foset<br \/>\nCuerpo de lat\u00f3n para m\u00e1xima duraci\u00f3n<br \/>\nManerales met\u00e1licos<br \/>\nCuello flexible de 56 cm y cubierta de acero inoxidable<br \/>\nCartucho cer\u00e1mico de suave y f\u00e1cil apertura<br \/>\nSelector de chorro: Fijo y rociador<br \/>\nPRESS-02<br \/>\nCARCE-4<br \/>\nCartucho cer\u00e1mico 90\u00b0 (CARCE-4)<br \/>\n49820-01<br \/>\nVIVIENDA ECOL\u00d3GICA<br \/>\n49820-02<br \/>\nDistancia entre taladros<\/p>\n<p>Especificaciones<br \/>\nAcabado Cromo<br \/>\nDistancia entre taladros 8&#8243;<br \/>\nPresi\u00f3n de trabajo m\u00ednima 0.25 kgf\/cm\u00b2<br \/>\nConexi\u00f3n roscable 1\/2&#8243; &#8211; 14 NPSM<br \/>\nDimensiones de la cubierta 5.2 cm x 25 cm<br \/>\nPeso 960 g<\/p>\n","protected":false},"excerpt":{"rendered":"<p>Mezcladora inox 8&#8243; p\/fregadero, flexible, palanca, Foset Cuerpo de lat\u00f3n para m\u00e1xima duraci\u00f3n Manerales met\u00e1licos Cuello flexible de 56 cm<\/p>\n","protected":false},"featured_media":100071,"comment_status":"closed","ping_status":"open","template":"","meta":[],"product_brand":[],"product_cat":[15],"product_tag":[],"class_list":{"0":"post-100070","1":"product","2":"type-product","3":"status-publish","4":"has-post-thumbnail","6":"product_cat-uncategorized","8":"first","9":"instock","10":"purchasable","11":"product-type-simple"},"jetpack_sharing_enabled":true,"_links":{"self":[{"href":"https:\/\/www.veneciacr.com\/index.php\/wp-json\/wp\/v2\/product\/100070","targetHints":{"allow":["GET"]}}],"collection":[{"href":"https:\/\/www.veneciacr.com\/index.php\/wp-json\/wp\/v2\/product"}],"about":[{"href":"https:\/\/www.veneciacr.com\/index.php\/wp-json\/wp\/v2\/types\/product"}],"replies":[{"embeddable":true,"href":"https:\/\/www.veneciacr.com\/index.php\/wp-json\/wp\/v2\/comments?post=100070"}],"wp:featuredmedia":[{"embeddable":true,"href":"https:\/\/www.veneciacr.com\/index.php\/wp-json\/wp\/v2\/media\/100071"}],"wp:attachment":[{"href":"https:\/\/www.veneciacr.com\/index.php\/wp-json\/wp\/v2\/media?parent=100070"}],"wp:term":[{"taxonomy":"product_brand","embeddable":true,"href":"https:\/\/www.veneciacr.com\/index.php\/wp-json\/wp\/v2\/product_brand?post=100070"},{"taxonomy":"product_cat","embeddable":true,"href":"https:\/\/www.veneciacr.com\/index.php\/wp-json\/wp\/v2\/product_cat?post=100070"},{"taxonomy":"product_tag","embeddable":true,"href":"https:\/\/www.veneciacr.com\/index.php\/wp-json\/wp\/v2\/product_tag?post=100070"}],"curies":[{"name":"wp","href":"https:\/\/api.w.org\/{rel}","templated":true}]}}