{"id":100056,"date":"2026-04-21T01:58:59","date_gmt":"2026-04-21T07:58:59","guid":{"rendered":"https:\/\/www.veneciacr.com\/index.php\/producto\/coolant-rojo-1-galon-uso-pesado-camion-afc11100-prestone\/"},"modified":"2026-04-21T01:59:00","modified_gmt":"2026-04-21T07:59:00","slug":"coolant-rojo-1-galon-uso-pesado-camion-afc11100-prestone","status":"publish","type":"product","link":"https:\/\/www.veneciacr.com\/index.php\/producto\/coolant-rojo-1-galon-uso-pesado-camion-afc11100-prestone\/","title":{"rendered":"COOLANT ROJO 1 GALON USO PESADO CAMION AFC11100 PRESTONE"},"content":{"rendered":"<ul>\n<li>El anticongelante\/refrigerante prediluido al 50\/50, para servicio pesado, de vida \u00fatil extendida (50% anticongelante y 50% agua)<\/li>\n<li>Destinado para uso y compatibilidad con\u00a0cualquier anticongelante\/refrigerante para servicio pesado en\u00a0cualquier veh\u00edculo veh\u00edculo comercial alimentado con diesel o motor estacionario con aluminio u otros metales del motor.<\/li>\n<li>Su formulaci\u00f3n patentada tecnol\u00f3gicamente avanzada se basa en una mezcla concentrada de inhibidores de larga duraci\u00f3n para proteger contra temperaturas extremas, herrumbre, corrosi\u00f3n, incrustaciones y fallos prematuros de las bombas de agua.<\/li>\n<li>Color: Rojo<\/li>\n<li>Contenido: 1 gal\u00f3n (3.6 litros)<\/li>\n<li>Temperatura de congelamiento: -37\u00b0 C\u00a0 (-34\u00b0 F)<\/li>\n<li>Temperatura de ebullici\u00f3n: 129\u00b0 C\u00a0 (265\u00b0 F)<\/li>\n<li>Cumple con normas:\n<ul>\n<li>ASTM D3306<\/li>\n<li>ASTM 4985<\/li>\n<li>ASTM D6210<\/li>\n<\/ul>\n<\/li>\n<\/ul>\n<h2>Otros<\/h2>\n<ul>\n<li>Puede agregarse al anticongelante\/refrigerante de cualquier aplicaci\u00f3n para servicio pesado para camiones y motores agr\u00edcolas, fuera de carretera y\/o marinos<\/li>\n<\/ul>\n","protected":false},"excerpt":{"rendered":"<p>El anticongelante\/refrigerante prediluido al 50\/50, para servicio pesado, de vida \u00fatil extendida (50% anticongelante y 50% agua) Destinado para uso<\/p>\n","protected":false},"featured_media":100057,"comment_status":"closed","ping_status":"open","template":"","meta":[],"product_brand":[],"product_cat":[15],"product_tag":[],"class_list":{"0":"post-100056","1":"product","2":"type-product","3":"status-publish","4":"has-post-thumbnail","6":"product_cat-uncategorized","8":"first","9":"instock","10":"purchasable","11":"product-type-simple"},"jetpack_sharing_enabled":true,"_links":{"self":[{"href":"https:\/\/www.veneciacr.com\/index.php\/wp-json\/wp\/v2\/product\/100056","targetHints":{"allow":["GET"]}}],"collection":[{"href":"https:\/\/www.veneciacr.com\/index.php\/wp-json\/wp\/v2\/product"}],"about":[{"href":"https:\/\/www.veneciacr.com\/index.php\/wp-json\/wp\/v2\/types\/product"}],"replies":[{"embeddable":true,"href":"https:\/\/www.veneciacr.com\/index.php\/wp-json\/wp\/v2\/comments?post=100056"}],"wp:featuredmedia":[{"embeddable":true,"href":"https:\/\/www.veneciacr.com\/index.php\/wp-json\/wp\/v2\/media\/100057"}],"wp:attachment":[{"href":"https:\/\/www.veneciacr.com\/index.php\/wp-json\/wp\/v2\/media?parent=100056"}],"wp:term":[{"taxonomy":"product_brand","embeddable":true,"href":"https:\/\/www.veneciacr.com\/index.php\/wp-json\/wp\/v2\/product_brand?post=100056"},{"taxonomy":"product_cat","embeddable":true,"href":"https:\/\/www.veneciacr.com\/index.php\/wp-json\/wp\/v2\/product_cat?post=100056"},{"taxonomy":"product_tag","embeddable":true,"href":"https:\/\/www.veneciacr.com\/index.php\/wp-json\/wp\/v2\/product_tag?post=100056"}],"curies":[{"name":"wp","href":"https:\/\/api.w.org\/{rel}","templated":true}]}}