{"id":100018,"date":"2026-04-21T01:58:59","date_gmt":"2026-04-21T07:58:59","guid":{"rendered":"https:\/\/www.veneciacr.com\/index.php\/producto\/coolant-azul-1-galon-af6310-prestone\/"},"modified":"2026-04-21T01:59:00","modified_gmt":"2026-04-21T07:59:00","slug":"coolant-azul-1-galon-af6310-prestone","status":"publish","type":"product","link":"https:\/\/www.veneciacr.com\/index.php\/producto\/coolant-azul-1-galon-af6310-prestone\/","title":{"rendered":"COOLANT AZUL 1 GALON AF6310 PRESTONE"},"content":{"rendered":"<h2>Descripci\u00f3n<\/h2>\n<ul>\n<li><strong>Formulado para veh\u00edculos\u00a0Honda \/ Nissan<\/strong><\/li>\n<li>El nuevo anticongelante \/ refrigerante prediluido Prestone 50\/50 para veh\u00edculos Honda \/ Nissan<\/li>\n<li>Est\u00e1 especialmente formulado para su uso en veh\u00edculos Hona\/Acura\u00ae, Nissan\/Infiniti\u00ae, Hyundai\/Kia\u00ae, Subaru\u00ae, Mazda\u00ae y Mitsubishi\u00ae<\/li>\n<\/ul>\n<h2>Caracter\u00edsticas<\/h2>\n<ul>\n<li>Funciona con tecnolog\u00edas POAT basadas en Asia<\/li>\n<li>Extiende la vida del motor<\/li>\n<li>Combate la propagaci\u00f3n de la corrosi\u00f3n<\/li>\n<li>Funciona con anticongelante de cualquier color<\/li>\n<li>Protege su autom\u00f3vil o cami\u00f3n liviano por hasta 5 a\u00f1os o 150,000 millas (240,000 km) siempre que se drene y llene seg\u00fan\u00a0las recomendaciones del fabricante del veh\u00edculo<\/li>\n<\/ul>\n<h2>Ventajas<\/h2>\n<ul>\n<li>Prestone, la marca de protecci\u00f3n de motores # 1, combate la propagaci\u00f3n de la corrosi\u00f3n, ayudando al sistema de enfriamiento de un veh\u00edculo a funcionar de manera m\u00e1s eficiente y durar m\u00e1s<\/li>\n<\/ul>\n<h2>Otros<\/h2>\n<ul>\n<li>Eliminaci\u00f3n del anticongelante \/ refrigerante usado: Deseche el contenido y los recipientes de acuerdo con las normativas locales y nacionales<\/li>\n<\/ul>\n","protected":false},"excerpt":{"rendered":"<p>Descripci\u00f3n Formulado para veh\u00edculos\u00a0Honda \/ Nissan El nuevo anticongelante \/ refrigerante prediluido Prestone 50\/50 para veh\u00edculos Honda \/ Nissan Est\u00e1<\/p>\n","protected":false},"featured_media":100019,"comment_status":"closed","ping_status":"open","template":"","meta":[],"product_brand":[],"product_cat":[15],"product_tag":[],"class_list":{"0":"post-100018","1":"product","2":"type-product","3":"status-publish","4":"has-post-thumbnail","6":"product_cat-uncategorized","8":"first","9":"instock","10":"purchasable","11":"product-type-simple"},"jetpack_sharing_enabled":true,"_links":{"self":[{"href":"https:\/\/www.veneciacr.com\/index.php\/wp-json\/wp\/v2\/product\/100018","targetHints":{"allow":["GET"]}}],"collection":[{"href":"https:\/\/www.veneciacr.com\/index.php\/wp-json\/wp\/v2\/product"}],"about":[{"href":"https:\/\/www.veneciacr.com\/index.php\/wp-json\/wp\/v2\/types\/product"}],"replies":[{"embeddable":true,"href":"https:\/\/www.veneciacr.com\/index.php\/wp-json\/wp\/v2\/comments?post=100018"}],"wp:featuredmedia":[{"embeddable":true,"href":"https:\/\/www.veneciacr.com\/index.php\/wp-json\/wp\/v2\/media\/100019"}],"wp:attachment":[{"href":"https:\/\/www.veneciacr.com\/index.php\/wp-json\/wp\/v2\/media?parent=100018"}],"wp:term":[{"taxonomy":"product_brand","embeddable":true,"href":"https:\/\/www.veneciacr.com\/index.php\/wp-json\/wp\/v2\/product_brand?post=100018"},{"taxonomy":"product_cat","embeddable":true,"href":"https:\/\/www.veneciacr.com\/index.php\/wp-json\/wp\/v2\/product_cat?post=100018"},{"taxonomy":"product_tag","embeddable":true,"href":"https:\/\/www.veneciacr.com\/index.php\/wp-json\/wp\/v2\/product_tag?post=100018"}],"curies":[{"name":"wp","href":"https:\/\/api.w.org\/{rel}","templated":true}]}}